{"id":432,"date":"2018-09-18T12:23:43","date_gmt":"2018-09-18T10:23:43","guid":{"rendered":"http:\/\/www.zur-sonne-kirchhain.de\/?page_id=432"},"modified":"2020-03-26T18:49:48","modified_gmt":"2020-03-26T16:49:48","slug":"datenschutz","status":"publish","type":"page","link":"https:\/\/www.zur-sonne-kirchhain.de\/?page_id=432","title":{"rendered":"Datenschutz"},"content":{"rendered":"<h4><strong>Zu dieser Datenschutzerkl\u00e4rung<\/strong><\/h4>\n<p>Der Schutz Ihrer Privatsph\u00e4re ist uns ein wichtiges Anliegen. Deshalb m\u00f6chten wir Sie eindringlich bitten, die nachfolgende Zusammenfassung \u00fcber die Funktionsweise unserer Webseite aufmerksam zu lesen.<br \/>\nDie hier aufgef\u00fchrte Datenschutzerkl\u00e4rung entspricht den Richtlinien der DSGVO und des BDSG. Sie soll \u00fcber die Art, den Zweck und die Verwendung personenbezogener Daten durch den Websitebetreiber, informieren.<\/p>\n<p>Gleichwohl unsere Seite mit verschieden Sicherheitsvorkehrungen ausgestattet ist, kann kein vollst\u00e4ndiger Schutz Ihrer Daten gew\u00e4hrleistet werden, da Sicherheitsl\u00fccken im Internet nicht ausgeschlossen werden k\u00f6nnen. Sollten Sie Anliegen bzgl. Ihrer Daten haben, finden Sie am Ende des Textes die entsprechenden Kontaktdaten unserer Ansprechpartner.<\/p>\n<p><strong>Personenbezogene Daten<\/strong><br \/>\nDie Funktion und die Kommunikation unseres Services ist auf die Daten unserer Nutzer angewiesen. Dabei sind personenbezogene Daten besonders sensibel \u2013 dies meint alle Informationen, welche sich eindeutig auf eine bestimmte, nat\u00fcrliche Person zur\u00fcckf\u00fchren lassen. Laut DSGVO besteht f\u00fcr uns die Verpflichtung, den gesamten Umfang aller derartigen Daten aufzulisten.<\/p>\n<p>Durch die Nutzung unser Webseite werden folgende personenbezogene Daten nach DSGVO erhoben:<\/p>\n<p>Online-Formular f\u00fcr Kontaktaufnahme &amp; Buchung:<\/p>\n<p>Name<br \/>\nE-Mail<br \/>\nNachricht<br \/>\nIP<\/p>\n<p>Wir versichern, dass diese Daten ausschlie\u00dflich f\u00fcr die Kontaktaufnahme dient.<\/p>\n<p>Erhebung der Daten:<br \/>\nLog-Dateien: Eine Logdatei wird im Zuge eines automatischen Protokolls des verarbeitenden Computersystems erstellt. Das bedeutet, dass Informationen betreffend Ihres verwendeten Endger\u00e4tes als Logfiles auf einem Server festgehalten werden. Auch wir f\u00fchren eine Log-Dateienanalyse durch. Wir als Seitenprovider\/ Unser Seitenprovider protokolliert dabei: Zugriff auf die Seite: Datum, Uhrzeit, H\u00e4ufigkeit Wie Sie auf die Seite gelangt sind (vorherige Seite, Hyperlink etc.) Menge der gesendeten Daten Welchen Browser und welche Version desselben Sie verwenden Ihre IP-Adresse Auch hier dienen die erhobenen Daten lediglich der Verbesserung unseres Angebotes. Wir d\u00fcrfen \/ Der Betreiber darf Server-Logfiles nur dann l\u00e4nger speichern, herausgeben oder nachtr\u00e4glich auf diese zugreifen, wenn dies im rechtlichen Rahmen gestattet ist (z.B. bei Verdacht auf rechtswidrige Aktivit\u00e4ten).<\/p>\n<p>Die von Ihnen \u00fcbersendeten Daten werden per E-Mail an uns gesendet, lokal gespeichert und gegebenenfalls ausgedruckt.<\/p>\n<p><strong>Datenweitergabe an Dritte<\/strong><\/p>\n<p>Ihre Kontaktdaten werden nicht an Dritte weitergegeben.<br \/>\nWenn Sie keine Speicherung m\u00f6chten, haben Sie das Recht auf Widerruf. Genauere Informationen zu Ihren rechten finden Sie unter \u201eAufkl\u00e4rung \u00fcber Rechte\u201c.<\/p>\n<p><strong>Aufkl\u00e4rung \u00fcber Rechte<\/strong><br \/>\nSelbstverst\u00e4ndlich haben Sie in Bezug auf die Erhebung Ihrer Daten Rechte. Laut geltendem Gesetz sind wir dazu verpflichtet, Sie \u00fcber dieselben aufzukl\u00e4ren. Die Inanspruchnahme und Durchf\u00fchrung dieser Rechte ist f\u00fcr Sie kostenlos.<\/p>\n<p>Widerrufsrecht: Sie haben das Recht, Ihre Einwilligung bzgl. der Erhebung von Daten jederzeit zu widerrufen. Dieses Recht gilt mit Wirkung f\u00fcr die Zukunft; die bis zur Rechtkraft des Widerrufs erhobenen Daten bleiben hiervon unber\u00fchrt.<\/p>\n<p>Recht auf Daten\u00fcbertragbarkeit: Sie haben das Recht, eine \u00dcbertragung Ihrer Daten von uns auf eine andere Stelle zu beantragen.<\/p>\n<p>Auskunftsrecht: Sie haben das Recht, von uns eine Best\u00e4tigung zu verlangen, ob und wie wir personenbezogene Daten von Ihnen beziehen. Dieses Recht ist durch die vorliegende Datenschutzerkl\u00e4rung realisiert. Zus\u00e4tzlich k\u00f6nnen Sie eine elektronische Auskunft anfordern.<\/p>\n<p>Recht auf Berichtigung, L\u00f6schung oder Sperrung: Sie haben das Recht, Ihre Daten berichtigen, l\u00f6schen oder sperren zu lassen. Letzteres kommt zur Anwendung, wenn die gesetzliche Lage eine L\u00f6schung nicht zul\u00e4sst.<\/p>\n<p>Beschwerderecht: Sie haben das Recht, sich bei einer Aufsichtsbeh\u00f6rde bzw. einer zust\u00e4ndigen Stelle zu beschweren, insofern Sie einen Grund zur Beanstandung haben sollten. F\u00fcr die Inanspruchnahme dieses Rechts und der zwei vorher genannten wenden Sie sich bitte an die am Ende dieser Datenschutzerkl\u00e4rung aufgef\u00fchrten Kontaktpersonen.<\/p>\n<p><strong>Verantwortlich f\u00fcr die Datenerhebung<\/strong><br \/>\nF\u00fcr Fragen, Auskunftsersuche, Antr\u00e4ge, Beschwerden oder Kritik hinsichtlich unseres Datenschutzes k\u00f6nnen Sie sich an folgende Stelle wenden:<\/p>\n<p>Hotel-Restaurant<br \/>\nGasthaus Zur Sonne<br \/>\nClaudio Finck<br \/>\nBorngasse 13<br \/>\n35274 Kirchhain<\/p>\n<p>Tel. 06422\/94180<br \/>\nFax 06422\/941830<br \/>\nMail: <a href=\"mailto:buchung(at)zur-sonne-kirchhain.de\">buchung(at)zur-sonne-kirchhain.de<\/a><\/p>\n<p><strong>Diese Website benutzt Google Analytics, einen Webanalysedienst der Google Inc., im Folgenden Google genannt<\/strong>.<br \/>\nDiese Website benutzt Google&#x2122; Analytics, einen Webanalysedienst der Google Inc. (\u201eGoogle\u201c). Google Analytics verwendet sog. \u201eCookies\u201c, Textdateien, die auf Ihrem Computer gespeichert werden und die eine Analyse der Benutzung der Website durch Sie erm\u00f6glichen. Die durch den Cookie erzeugten Informationen \u00fcber Ihre Benutzung dieser Website (einschlie\u00dflich Ihrer IP-Adresse) wird an einen Server von Google in den USA \u00fcbertragen und dort gespeichert. Google wird diese Informationen benutzen, um Ihre Nutzung der Website auszuwerten, um Reports \u00fcber die Websiteaktivit\u00e4ten f\u00fcr die Websitebetreiber zusammenzustellen und um weitere mit der Websitenutzung und der Internetnutzung verbundene Dienstleistungen zu erbringen. Auch wird Google diese Informationen gegebenenfalls an Dritte \u00fcbertragen, sofern dies gesetzlich vorgeschrieben oder soweit Dritte diese Daten im Auftrag von Google verarbeiten. Google wird in keinem Fall Ihre IP-Adresse mit anderen Daten von Google in Verbindung bringen. Sie k\u00f6nnen die Installation der Cookies durch eine entsprechende Einstellung Ihrer Browser Software verhindern; wir weisen Sie jedoch darauf hin, dass Sie in diesem Fall gegebenenfalls nicht s\u00e4mtliche Funktionen dieser Website vollumf\u00e4nglich nutzen k\u00f6nnen. Durch die Nutzung dieser Website erkl\u00e4ren Sie sich mit der Bearbeitung der \u00fcber Sie erhobenen Daten durch Google in der zuvor beschriebenen Art und Weise und zu dem zuvor benannten Zweck einverstanden. Das Deaktivierungs-Add-on f\u00fcr Browser von Google Analytics gibt dem Website-Besucher mehr Kontrolle dar\u00fcber, welche Daten zu aufgerufenen Websites von Google Analytics erfasst werden. Sollten Sie keine Speicherung Ihrer Daten w\u00fcnschen, installieren Sie sich bitte das von Google bereitgestellte De-Aktivierungswerkzeug unter\u00a0<a href=\"https:\/\/tools.google.com\/dlpage\/gaoptout?hl=de\" target=\"_blank\" rel=\"noopener noreferrer\">https:\/\/tools.google.com\/dlpage\/gaoptout?hl=de<\/a>.<\/p>\n<p>N\u00e4here Informationen hierzu finden Sie unter\u00a0<a href=\"https:\/\/tools.google.com\/dlpage\/gaoptout?hl=de\">https:\/\/tools.google.com\/dlpage\/gaoptout?hl=de<\/a>\u00a0bzw. unter\u00a0<a href=\"https:\/\/www.google.com\/intl\/de\/analytics\/privacyoverview.html\">https:\/\/www.google.com\/intl\/de\/analytics\/privacyoverview.html<\/a>\u00a0(allgemeine Informationen zu Google Analytics und Datenschutz). Wir weisen Sie darauf hin, dass auf dieser Webseite Google Analytics um den Code \u201egat._anonymizeIp();\u201c erweitert wurde, um eine anonymisierte Erfassung von IP-Adressen (sog. IP-Masking) zu gew\u00e4hrleisten.<\/p>\n<p><strong>\u00c4nderung der Datenschutzerkl\u00e4rung<\/strong><br \/>\nWir als Verantwortliche behalten es uns vor, die Datenschutzerkl\u00e4rung jederzeit im Hinblick auf geltende Datenschutzvorschriften zu ver\u00e4ndern.<br \/>\nDerzeitiger Stand ist (April 2018).<\/p>\n","protected":false},"excerpt":{"rendered":"<p>Zu dieser Datenschutzerkl\u00e4rung Der Schutz Ihrer Privatsph\u00e4re ist uns ein wichtiges Anliegen. Deshalb m\u00f6chten wir Sie eindringlich bitten, die nachfolgende Zusammenfassung \u00fcber die Funktionsweise unserer <\/p>\n<p><a href=\"https:\/\/www.zur-sonne-kirchhain.de\/?page_id=432\" class=\"button2\">Read More &raquo;<\/a><\/p>\n","protected":false},"author":1,"featured_media":0,"parent":0,"menu_order":0,"comment_status":"closed","ping_status":"closed","template":"","meta":[],"_links":{"self":[{"href":"https:\/\/www.zur-sonne-kirchhain.de\/index.php?rest_route=\/wp\/v2\/pages\/432"}],"collection":[{"href":"https:\/\/www.zur-sonne-kirchhain.de\/index.php?rest_route=\/wp\/v2\/pages"}],"about":[{"href":"https:\/\/www.zur-sonne-kirchhain.de\/index.php?rest_route=\/wp\/v2\/types\/page"}],"author":[{"embeddable":true,"href":"https:\/\/www.zur-sonne-kirchhain.de\/index.php?rest_route=\/wp\/v2\/users\/1"}],"replies":[{"embeddable":true,"href":"https:\/\/www.zur-sonne-kirchhain.de\/index.php?rest_route=%2Fwp%2Fv2%2Fcomments&post=432"}],"version-history":[{"count":4,"href":"https:\/\/www.zur-sonne-kirchhain.de\/index.php?rest_route=\/wp\/v2\/pages\/432\/revisions"}],"predecessor-version":[{"id":464,"href":"https:\/\/www.zur-sonne-kirchhain.de\/index.php?rest_route=\/wp\/v2\/pages\/432\/revisions\/464"}],"wp:attachment":[{"href":"https:\/\/www.zur-sonne-kirchhain.de\/index.php?rest_route=%2Fwp%2Fv2%2Fmedia&parent=432"}],"curies":[{"name":"wp","href":"https:\/\/api.w.org\/{rel}","templated":true}]}}