{"id":88,"date":"2014-06-10T14:58:12","date_gmt":"2014-06-10T12:58:12","guid":{"rendered":"http:\/\/www.zur-sonne-kirchhain.de\/?page_id=88"},"modified":"2022-08-03T08:18:31","modified_gmt":"2022-08-03T06:18:31","slug":"restaurant","status":"publish","type":"page","link":"https:\/\/www.zur-sonne-kirchhain.de\/?page_id=88","title":{"rendered":"Restaurant"},"content":{"rendered":"<p><img src=\"https:\/\/www.zur-sonne-kirchhain.de\/wp-content\/uploads\/2014\/06\/IMG_8403_595px.jpg\" alt=\"\" \/><\/p>\n<h4>Unsere gute K\u00fcche<\/h4>\n<p>Wir kochen f\u00fcr Sie mit frischen Zutaten aus der Region. Typische Gerichte aus dem Marburger Land wechseln sich ab mit kleinen und gro\u00dfen Leckerein der internationalen K\u00fcche.<br \/>Dazu servieren wir Ihnen ein frisch gezapftes Bier oder einen gepflegten Wein aus unserem Keller.<\/p>\n<p>Sollten sie eine Feier planen und einen ganz besonderen Wunsch haben, dann wenden Sie sich bitte an uns.<\/p>\n<p>Wir sind gerne Ihr Gastgeber.<\/p>\n<p>&#8222;Spezialit\u00e4tenwochen&#8220; und der Partyservice runden das Angebot ab.<\/p>\n\n\n<p><\/p>\n","protected":false},"excerpt":{"rendered":"<p>Unsere gute K\u00fcche Wir kochen f\u00fcr Sie mit frischen Zutaten aus der Region. Typische Gerichte aus dem Marburger Land wechseln sich ab mit kleinen und <\/p>\n<p><a href=\"https:\/\/www.zur-sonne-kirchhain.de\/?page_id=88\" class=\"button2\">Read More &raquo;<\/a><\/p>\n","protected":false},"author":2,"featured_media":0,"parent":0,"menu_order":0,"comment_status":"closed","ping_status":"closed","template":"","meta":[],"_links":{"self":[{"href":"https:\/\/www.zur-sonne-kirchhain.de\/index.php?rest_route=\/wp\/v2\/pages\/88"}],"collection":[{"href":"https:\/\/www.zur-sonne-kirchhain.de\/index.php?rest_route=\/wp\/v2\/pages"}],"about":[{"href":"https:\/\/www.zur-sonne-kirchhain.de\/index.php?rest_route=\/wp\/v2\/types\/page"}],"author":[{"embeddable":true,"href":"https:\/\/www.zur-sonne-kirchhain.de\/index.php?rest_route=\/wp\/v2\/users\/2"}],"replies":[{"embeddable":true,"href":"https:\/\/www.zur-sonne-kirchhain.de\/index.php?rest_route=%2Fwp%2Fv2%2Fcomments&post=88"}],"version-history":[{"count":27,"href":"https:\/\/www.zur-sonne-kirchhain.de\/index.php?rest_route=\/wp\/v2\/pages\/88\/revisions"}],"predecessor-version":[{"id":508,"href":"https:\/\/www.zur-sonne-kirchhain.de\/index.php?rest_route=\/wp\/v2\/pages\/88\/revisions\/508"}],"wp:attachment":[{"href":"https:\/\/www.zur-sonne-kirchhain.de\/index.php?rest_route=%2Fwp%2Fv2%2Fmedia&parent=88"}],"curies":[{"name":"wp","href":"https:\/\/api.w.org\/{rel}","templated":true}]}}